{"id":8,"date":"2025-02-13T10:02:03","date_gmt":"2025-02-13T10:02:03","guid":{"rendered":"https:\/\/figurarkitektur.no\/?page_id=8"},"modified":"2025-08-22T11:51:51","modified_gmt":"2025-08-22T11:51:51","slug":"8-2","status":"publish","type":"page","link":"https:\/\/figurarkitektur.no\/index.php\/8-2\/","title":{"rendered":"Om meg"},"content":{"rendered":"\n<div class=\"wp-block-columns is-layout-flex wp-container-core-columns-is-layout-28f84493 wp-block-columns-is-layout-flex\">\n<div class=\"wp-block-column is-layout-flow wp-block-column-is-layout-flow\"><\/div>\n\n\n\n<div class=\"wp-block-column is-layout-flow wp-block-column-is-layout-flow\" style=\"padding-top:var(--wp--preset--spacing--80);padding-right:var(--wp--preset--spacing--50);padding-bottom:var(--wp--preset--spacing--80);padding-left:var(--wp--preset--spacing--50);flex-basis:40%\">\n<figure class=\"wp-block-image aligncenter size-large is-resized\"><img loading=\"lazy\" decoding=\"async\" width=\"1024\" height=\"819\" src=\"https:\/\/figurarkitektur.no\/wp-content\/uploads\/2025\/04\/Jesper_small-1024x819.jpeg\" alt=\"\" class=\"wp-image-187\" style=\"width:300px\" srcset=\"https:\/\/figurarkitektur.no\/wp-content\/uploads\/2025\/04\/Jesper_small-1024x819.jpeg 1024w, https:\/\/figurarkitektur.no\/wp-content\/uploads\/2025\/04\/Jesper_small-300x240.jpeg 300w, https:\/\/figurarkitektur.no\/wp-content\/uploads\/2025\/04\/Jesper_small-768x614.jpeg 768w\" sizes=\"auto, (max-width: 1024px) 100vw, 1024px\" \/><\/figure>\n\n\n\n<p><strong>Figur arkitektur<\/strong>&nbsp;er et lite arkitektkontor, men med et stort engasjement for det enkle og vakre. Kontoret drives av m.arch. Jesper Fjellberg Mager\u00f8y, med en sterk tro p\u00e5 at god estetikk skaper varige, b\u00e6rekraftige l\u00f8sninger \u2013 og ikke minst bedre livskvalitet.<\/p>\n\n\n\n<p>Jeg jobber med en nordisk tiln\u00e6rming til form og materialitet: rene flater, tydelige linjer og et rolig uttrykk som st\u00e5r st\u00f8tt over tid. Hvert prosjekt starter med \u00e5 kartlegge behov og muligheter i tett dialog med deg som kunde \u2013 slik at du f\u00f8ler deg sett, h\u00f8rt og ivaretatt hele veien.<\/p>\n\n\n\n<p>Jeg har erfaring fra b\u00e5de sm\u00e5 og store prosjekter, og et s\u00e6rlig engasjement for transformasjon og gjenbruk av eksisterende bygningsmasse. \u00c5 gi nytt liv til det som allerede finnes, er ofte b\u00e5de b\u00e6rekraftig og meningsfullt \u2013 og kan f\u00f8re til unike, stedstilpassede l\u00f8sninger.<\/p>\n\n\n\n<p>Ingen prosjekter er for sm\u00e5 for meg. Enten det gjelder en ombygging, en tilbyggsid\u00e9, en hytte eller et nytt hjem, tar jeg meg tid til \u00e5 forst\u00e5 b\u00e5de stedet og menneskene som skal bruke det.<\/p>\n\n\n\n<p><strong>Ta kontakt for en uforpliktende samtale, s\u00e5 kan vi skape noe sammen<\/strong><\/p>\n<\/div>\n\n\n\n<div class=\"wp-block-column is-layout-flow wp-block-column-is-layout-flow\"><\/div>\n<\/div>\n","protected":false},"excerpt":{"rendered":"<p>Figur arkitektur&nbsp;er et lite arkitektkontor, men med et stort engasjement for det enkle og vakre. Kontoret drives av m.arch. Jesper Fjellberg Mager\u00f8y, med en sterk tro p\u00e5 at god estetikk skaper varige, b\u00e6rekraftige l\u00f8sninger \u2013 og ikke minst bedre livskvalitet. Jeg jobber med en nordisk tiln\u00e6rming til form og materialitet: rene flater, tydelige linjer og [&hellip;]<\/p>\n","protected":false},"author":1,"featured_media":0,"parent":0,"menu_order":0,"comment_status":"closed","ping_status":"closed","template":"wp-custom-template-webyx-fse-template","meta":{"footnotes":""},"class_list":["post-8","page","type-page","status-publish","hentry"],"_links":{"self":[{"href":"https:\/\/figurarkitektur.no\/index.php\/wp-json\/wp\/v2\/pages\/8","targetHints":{"allow":["GET"]}}],"collection":[{"href":"https:\/\/figurarkitektur.no\/index.php\/wp-json\/wp\/v2\/pages"}],"about":[{"href":"https:\/\/figurarkitektur.no\/index.php\/wp-json\/wp\/v2\/types\/page"}],"author":[{"embeddable":true,"href":"https:\/\/figurarkitektur.no\/index.php\/wp-json\/wp\/v2\/users\/1"}],"replies":[{"embeddable":true,"href":"https:\/\/figurarkitektur.no\/index.php\/wp-json\/wp\/v2\/comments?post=8"}],"version-history":[{"count":41,"href":"https:\/\/figurarkitektur.no\/index.php\/wp-json\/wp\/v2\/pages\/8\/revisions"}],"predecessor-version":[{"id":258,"href":"https:\/\/figurarkitektur.no\/index.php\/wp-json\/wp\/v2\/pages\/8\/revisions\/258"}],"wp:attachment":[{"href":"https:\/\/figurarkitektur.no\/index.php\/wp-json\/wp\/v2\/media?parent=8"}],"curies":[{"name":"wp","href":"https:\/\/api.w.org\/{rel}","templated":true}]}}