{"id":52,"date":"2025-02-13T12:11:21","date_gmt":"2025-02-13T12:11:21","guid":{"rendered":"https:\/\/figurarkitektur.no\/?page_id=52"},"modified":"2025-04-28T11:06:41","modified_gmt":"2025-04-28T11:06:41","slug":"kontakt","status":"publish","type":"page","link":"https:\/\/figurarkitektur.no\/index.php\/kontakt\/","title":{"rendered":"Kontakt"},"content":{"rendered":"\n<div class=\"wp-block-columns is-not-stacked-on-mobile is-layout-flex wp-container-core-columns-is-layout-7abde1fe wp-block-columns-is-layout-flex\" style=\"padding-top:var(--wp--preset--spacing--40);padding-bottom:var(--wp--preset--spacing--40)\">\n<div class=\"wp-block-column is-layout-flow wp-block-column-is-layout-flow\" style=\"flex-basis:25%\"><\/div>\n\n\n\n<div class=\"wp-block-column is-layout-flow wp-block-column-is-layout-flow\" style=\"padding-top:var(--wp--preset--spacing--70);padding-bottom:var(--wp--preset--spacing--70);flex-basis:50%\">\n<p>Har du et prosjekt du dr\u00f8mmer om \u00e5 realisere? Ta gjerne kontakt for en uforpliktende samtale, s\u00e5 kan vi skape noe sammen.<\/p>\n\n\n\n<pre class=\"wp-block-preformatted has-louize-font-family\" style=\"border-left-width:1px;margin-right:0;margin-left:0;padding-right:var(--wp--preset--spacing--20);padding-left:var(--wp--preset--spacing--20)\"><strong>Figur arkitektur<\/strong><br>Jesper Fjellberg Mager\u00f8y<br>Hagegata 36A<br>0653 Oslo<br><br>993 25 504<br>jesper@figurarkitektur.no<br><br>NO 996 962 636 MVA<\/pre>\n\n\n\n<div style=\"height:100px\" aria-hidden=\"true\" class=\"wp-block-spacer\"><\/div>\n<\/div>\n\n\n\n<div class=\"wp-block-column is-layout-flow wp-block-column-is-layout-flow\" style=\"flex-basis:25%\"><\/div>\n<\/div>\n","protected":false},"excerpt":{"rendered":"<p>Har du et prosjekt du dr\u00f8mmer om \u00e5 realisere? Ta gjerne kontakt for en uforpliktende samtale, s\u00e5 kan vi skape noe sammen. Figur arkitekturJesper Fjellberg Mager\u00f8yHagegata 36A0653 Oslo993 25 504jesper@figurarkitektur.noNO 996 962 636 MVA<\/p>\n","protected":false},"author":1,"featured_media":0,"parent":0,"menu_order":0,"comment_status":"closed","ping_status":"closed","template":"wp-custom-template-webyx-fse-template","meta":{"footnotes":""},"class_list":["post-52","page","type-page","status-publish","hentry"],"_links":{"self":[{"href":"https:\/\/figurarkitektur.no\/index.php\/wp-json\/wp\/v2\/pages\/52","targetHints":{"allow":["GET"]}}],"collection":[{"href":"https:\/\/figurarkitektur.no\/index.php\/wp-json\/wp\/v2\/pages"}],"about":[{"href":"https:\/\/figurarkitektur.no\/index.php\/wp-json\/wp\/v2\/types\/page"}],"author":[{"embeddable":true,"href":"https:\/\/figurarkitektur.no\/index.php\/wp-json\/wp\/v2\/users\/1"}],"replies":[{"embeddable":true,"href":"https:\/\/figurarkitektur.no\/index.php\/wp-json\/wp\/v2\/comments?post=52"}],"version-history":[{"count":18,"href":"https:\/\/figurarkitektur.no\/index.php\/wp-json\/wp\/v2\/pages\/52\/revisions"}],"predecessor-version":[{"id":224,"href":"https:\/\/figurarkitektur.no\/index.php\/wp-json\/wp\/v2\/pages\/52\/revisions\/224"}],"wp:attachment":[{"href":"https:\/\/figurarkitektur.no\/index.php\/wp-json\/wp\/v2\/media?parent=52"}],"curies":[{"name":"wp","href":"https:\/\/api.w.org\/{rel}","templated":true}]}}